{"id":21,"date":"2015-12-30T01:13:46","date_gmt":"2015-12-30T00:13:46","guid":{"rendered":"http:\/\/buchham.com\/buchham\/?page_id=21"},"modified":"2016-12-08T23:35:58","modified_gmt":"2016-12-08T22:35:58","slug":"impressum","status":"publish","type":"page","link":"https:\/\/buchham.com\/buchham\/impressum\/","title":{"rendered":"Impressum"},"content":{"rendered":"<table border=\"0\" width=\"100%\" cellspacing=\"0\" cellpadding=\"3\">\n<tbody>\n<tr>\n<td class=\"norm\" height=\"100%\">\n<div align=\"center\">\n<div align=\"center\">\n<p align=\"left\"><strong>buchham.de<\/strong> ist das Deutschsprachige Internet-Angebot des Softwarehauses Dr.BUCHHAM bzw. der HOTLINE Computer GmbH Nordhausen. Alle Seiten unterliegen dem Urheberschutz und d\u00fcrfen nur mit schriftlicher Genehmigung des Softwarehauses Dr.BUCHHAM bzw. der HOTLINE Computer GmbH kopiert oder in eigene Angebote integriert werden. Alle Rechte vorbehalten. Irrt\u00fcmer und \u00c4nderungen vorbehalten!<\/p>\n<\/div>\n<div align=\"left\"><span class=\"norm3\">Disclaimer \/ Haftungsausschlu\u00df:<\/span><br \/>\nMit Urteil vom 12.Mai 1998 hat das Landgericht Hamburg (312 O 85\/98 &#8211; &#8222;Haftung fuer Links&#8220;) entschieden, dass man durch die Anbringung eines Links die Inhalte der gelinkten Seite ggf. mit zu verantworten hat. Dies kann &#8211; so das LG &#8211; nur dadurch verhindert werden, dass man sich ausdr\u00fccklich von diesen Inhalten distanziert. Wir haben auf dieser Seite unserer Homepage Links zu anderen Seiten im Internet gelegt. F\u00fcr alle diese Links gilt: Wir m\u00f6chten ausdr\u00fccklich betonen, dass wir keinerlei Einfluss auf die Gestaltung und die Inhalte der gelinkten Seiten habe. Deshalb distanzieren wir uns hiermit ausdr\u00fccklich von allen Inhalten aller gelinkten Seiten auf dieser Homepage. Wir machen uns die Inhalte der Linkseiten keinesfalls zu eigen. Diese Erkl\u00e4rung gilt f\u00fcr alle auf unserer Homepage angebrachten Links.<span class=\"Headline\"><span class=\"norm_big_bold\" style=\"color: #c39580; font-family: Tahoma; font-size: x-large;\"><br \/>\n<\/span><\/span><\/div>\n<\/div>\n<\/td>\n<\/tr>\n<tr>\n<td class=\"norm_bold\" align=\"left\" height=\"100%\"><span class=\"norm3\"><br \/>\nSOFTWAREHAUS Dr.BUCHHAM<\/span> &amp; <span class=\"norm3\">HOTLINE Computer GmbH<\/span><br \/>\nLandgrabenstra\u00dfe 2<br \/>\n99734 Nordhausen<br \/>\nDeutschlandTelefon: 03631 988136<br \/>\nTelefax: 03631 902425<\/p>\n<p>Inhaber\/Gesch\u00e4ftsf\u00fchrer: Dr. J\u00fcrgen Buchham<\/td>\n<\/tr>\n<\/tbody>\n<\/table>\n","protected":false},"excerpt":{"rendered":"<p>buchham.de ist das Deutschsprachige Internet-Angebot des Softwarehauses Dr.BUCHHAM bzw. der HOTLINE Computer GmbH Nordhausen. Alle Seiten unterliegen dem Urheberschutz und d\u00fcrfen nur mit schriftlicher Genehmigung des Softwarehauses Dr.BUCHHAM bzw. der HOTLINE Computer GmbH kopiert oder in eigene Angebote integriert werden. &hellip; <a href=\"https:\/\/buchham.com\/buchham\/impressum\/\">Weiterlesen <span class=\"meta-nav\">&rarr;<\/span><\/a><\/p>\n","protected":false},"author":1,"featured_media":0,"parent":0,"menu_order":6,"comment_status":"closed","ping_status":"closed","template":"","meta":{"footnotes":""},"_links":{"self":[{"href":"https:\/\/buchham.com\/buchham\/wp-json\/wp\/v2\/pages\/21"}],"collection":[{"href":"https:\/\/buchham.com\/buchham\/wp-json\/wp\/v2\/pages"}],"about":[{"href":"https:\/\/buchham.com\/buchham\/wp-json\/wp\/v2\/types\/page"}],"author":[{"embeddable":true,"href":"https:\/\/buchham.com\/buchham\/wp-json\/wp\/v2\/users\/1"}],"replies":[{"embeddable":true,"href":"https:\/\/buchham.com\/buchham\/wp-json\/wp\/v2\/comments?post=21"}],"version-history":[{"count":6,"href":"https:\/\/buchham.com\/buchham\/wp-json\/wp\/v2\/pages\/21\/revisions"}],"predecessor-version":[{"id":116,"href":"https:\/\/buchham.com\/buchham\/wp-json\/wp\/v2\/pages\/21\/revisions\/116"}],"wp:attachment":[{"href":"https:\/\/buchham.com\/buchham\/wp-json\/wp\/v2\/media?parent=21"}],"curies":[{"name":"wp","href":"https:\/\/api.w.org\/{rel}","templated":true}]}}