{"id":2,"date":"2015-12-27T22:57:49","date_gmt":"2015-12-27T21:57:49","guid":{"rendered":"http:\/\/buchham.com\/buchham\/?page_id=2"},"modified":"2016-12-04T17:38:14","modified_gmt":"2016-12-04T16:38:14","slug":"beispiel-seite","status":"publish","type":"page","link":"https:\/\/buchham.com\/buchham\/beispiel-seite\/","title":{"rendered":"Firmenprofile"},"content":{"rendered":"<p><span style=\"color: #ac6f51; font-weight:bold\">&#8211; Softwarehaus Dr.Buchham &#8211;<\/span><\/p>\n<p>Die Firma existiert seit 1991.<\/p>\n<p>Bet\u00e4tigungsfeld: Entwicklung von professioneller Anwendungssoftware, vor allem unser &#8218;Dauerbrenner&#8216; <strong>WinTHEA<\/strong> mit allem Drumherum sowie Auftragsprogrammierung f\u00fcr Unternehmen<\/p>\n<p>Softwareentwickler: Dr. J\u00fcrgen <strong>Buchham<\/strong> und Andreas <strong>Kuntze<\/strong>, erfahrene Profis, seit vielen Jahren im Programmier-Gesch\u00e4ft.<\/p>\n<hr \/>\n<p><span style=\"color: #ac6f51; font-weight:bold\">&#8211; HOTLINE Computer GmbH &#8211; <\/span><b><\/p>\n<p>Die Firma existiert seit 1990.<\/b><\/p>\n<p>Schwerpunkte:<\/p>\n<p>1. Vertrieb, Installation und Betreuung der Softwareprodukte aus dem Softwarehaus Dr. Buchham, insbesondere Dr.Buchhams WinTHEA mit THEAweb<\/p>\n<p>2. Errichtung, Erweiterung und Betreuung von Computersystemen mit Hard- und Software bei einer Reihe von Firmen im Raum Nordhausen sowie bei zahlreichen Theatern in Deutschland bis hin zu umfangreichen Netzen.<\/p>\n<p>&nbsp;<\/p>\n","protected":false},"excerpt":{"rendered":"<p>&#8211; Softwarehaus Dr.Buchham &#8211; Die Firma existiert seit 1991. Bet\u00e4tigungsfeld: Entwicklung von professioneller Anwendungssoftware, vor allem unser &#8218;Dauerbrenner&#8216; WinTHEA mit allem Drumherum sowie Auftragsprogrammierung f\u00fcr Unternehmen Softwareentwickler: Dr. J\u00fcrgen Buchham und Andreas Kuntze, erfahrene Profis, seit vielen Jahren im Programmier-Gesch\u00e4ft. &hellip; <a href=\"https:\/\/buchham.com\/buchham\/beispiel-seite\/\">Weiterlesen <span class=\"meta-nav\">&rarr;<\/span><\/a><\/p>\n","protected":false},"author":1,"featured_media":0,"parent":0,"menu_order":1,"comment_status":"closed","ping_status":"open","template":"","meta":{"footnotes":""},"_links":{"self":[{"href":"https:\/\/buchham.com\/buchham\/wp-json\/wp\/v2\/pages\/2"}],"collection":[{"href":"https:\/\/buchham.com\/buchham\/wp-json\/wp\/v2\/pages"}],"about":[{"href":"https:\/\/buchham.com\/buchham\/wp-json\/wp\/v2\/types\/page"}],"author":[{"embeddable":true,"href":"https:\/\/buchham.com\/buchham\/wp-json\/wp\/v2\/users\/1"}],"replies":[{"embeddable":true,"href":"https:\/\/buchham.com\/buchham\/wp-json\/wp\/v2\/comments?post=2"}],"version-history":[{"count":7,"href":"https:\/\/buchham.com\/buchham\/wp-json\/wp\/v2\/pages\/2\/revisions"}],"predecessor-version":[{"id":98,"href":"https:\/\/buchham.com\/buchham\/wp-json\/wp\/v2\/pages\/2\/revisions\/98"}],"wp:attachment":[{"href":"https:\/\/buchham.com\/buchham\/wp-json\/wp\/v2\/media?parent=2"}],"curies":[{"name":"wp","href":"https:\/\/api.w.org\/{rel}","templated":true}]}}