{"id":2,"date":"2014-08-26T13:49:11","date_gmt":"2014-08-26T11:49:11","guid":{"rendered":"http:\/\/buchham.com\/bellaindia\/?page_id=2"},"modified":"2023-11-14T14:17:40","modified_gmt":"2023-11-14T12:17:40","slug":"beispiel-seite","status":"publish","type":"page","link":"https:\/\/buchham.com\/bellaindia\/?page_id=2","title":{"rendered":"Rashpal Singh"},"content":{"rendered":"<p>Der geb\u00fcrtige Inder <strong>Rashpal Singh<\/strong> stammt aus Punjab und lebt seit 1989 in Deutschland.<br \/>\nEr arbeitete viele Jahre in der Gastronomie und betrieb mehrere Restaurants, so z.B. das &#8218;Bella India&#8216; in Mackenrode.<\/p>\n<p>Jetzt ist er P\u00e4chter des Vereinslokals des <a title=\"Kleing\u00e4rtnerverein\" href=\"http:\/\/www.KGV.buchham.de\">Kleing\u00e4rtnervereins &#8218; An der Blumensiedlung&#8216;<\/a> Nordhausen, das nun das neue &#8218;Bella India&#8216; ist und das er gemeinsam mit seiner Ehefrau Manjit bewirtschaftet. Nun schon erfolgreich seit vierzehn Jahren!<\/p>\n<p>Er bietet hochwertige, frisch zubereitete indische Gerichte im angenehmen Ambiente an, aber ebenso Pasta und Pizza und auch deutsche K\u00fcche.<br \/>\nWer einmal probiert hat, kommt gern wieder.<\/p>\n<p>Rashpal hat viel Erfahrung in der professionelle Durchf\u00fchrung von Festlichkeiten aller Art, z.B. Weihnachtsfeiern, Hochzeiten, Konfirmationen und Jugendweihen, Jubil\u00e4en, Geburtstage, Betriebsfeiern, Gesch\u00e4ftsessen, Vereinsfeiern usw., f\u00fcr die es im &#8218;Bella India&#8216; beste Bedingungen gibt.<\/p>\n<p><img decoding=\"async\" src=\"bilder\/gewuerze.jpg\" alt=\"\" \/><\/p>\n","protected":false},"excerpt":{"rendered":"<p>Der geb\u00fcrtige Inder Rashpal Singh stammt aus Punjab und lebt seit 1989 in Deutschland. Er arbeitete viele Jahre in der Gastronomie und betrieb mehrere Restaurants, so z.B. das &#8218;Bella India&#8216; in Mackenrode. Jetzt ist er P\u00e4chter des Vereinslokals des Kleing\u00e4rtnervereins &hellip; <a href=\"https:\/\/buchham.com\/bellaindia\/?page_id=2\">Weiterlesen <span class=\"meta-nav\">&rarr;<\/span><\/a><\/p>\n","protected":false},"author":1,"featured_media":0,"parent":0,"menu_order":1,"comment_status":"closed","ping_status":"closed","template":"sidebar-page.php","meta":{"footnotes":""},"_links":{"self":[{"href":"https:\/\/buchham.com\/bellaindia\/index.php?rest_route=\/wp\/v2\/pages\/2"}],"collection":[{"href":"https:\/\/buchham.com\/bellaindia\/index.php?rest_route=\/wp\/v2\/pages"}],"about":[{"href":"https:\/\/buchham.com\/bellaindia\/index.php?rest_route=\/wp\/v2\/types\/page"}],"author":[{"embeddable":true,"href":"https:\/\/buchham.com\/bellaindia\/index.php?rest_route=\/wp\/v2\/users\/1"}],"replies":[{"embeddable":true,"href":"https:\/\/buchham.com\/bellaindia\/index.php?rest_route=%2Fwp%2Fv2%2Fcomments&post=2"}],"version-history":[{"count":12,"href":"https:\/\/buchham.com\/bellaindia\/index.php?rest_route=\/wp\/v2\/pages\/2\/revisions"}],"predecessor-version":[{"id":279,"href":"https:\/\/buchham.com\/bellaindia\/index.php?rest_route=\/wp\/v2\/pages\/2\/revisions\/279"}],"wp:attachment":[{"href":"https:\/\/buchham.com\/bellaindia\/index.php?rest_route=%2Fwp%2Fv2%2Fmedia&parent=2"}],"curies":[{"name":"wp","href":"https:\/\/api.w.org\/{rel}","templated":true}]}}