{"id":16,"date":"2014-08-26T22:59:15","date_gmt":"2014-08-26T20:59:15","guid":{"rendered":"http:\/\/buchham.com\/bellaindia\/?page_id=16"},"modified":"2014-09-01T10:21:59","modified_gmt":"2014-09-01T08:21:59","slug":"oeffnungszeiten","status":"publish","type":"page","link":"https:\/\/buchham.com\/bellaindia\/?page_id=16","title":{"rendered":"\u00d6ffnungszeiten"},"content":{"rendered":"<p>Wir \u00f6ffnen f\u00fcr Sie t\u00e4glich<br \/>\nvon <strong>11:30 bis 14:30 Uhr<\/strong> und<br \/>\nvon <strong>17:00 bis 22:30 Uhr<\/strong>.<\/p>\n<p>Nach Absprache, insbesondere bei Feiern, \u00f6ffnen wir nach Ihren W\u00fcnschen.<\/p>\n<p><img decoding=\"async\" src=\"bilder\/gewuerze.jpg\" alt=\"\" \/><\/p>\n","protected":false},"excerpt":{"rendered":"<p>Wir \u00f6ffnen f\u00fcr Sie t\u00e4glich von 11:30 bis 14:30 Uhr und von 17:00 bis 22:30 Uhr. Nach Absprache, insbesondere bei Feiern, \u00f6ffnen wir nach Ihren W\u00fcnschen.<\/p>\n","protected":false},"author":1,"featured_media":0,"parent":0,"menu_order":2,"comment_status":"closed","ping_status":"closed","template":"sidebar-page.php","meta":{"footnotes":""},"_links":{"self":[{"href":"https:\/\/buchham.com\/bellaindia\/index.php?rest_route=\/wp\/v2\/pages\/16"}],"collection":[{"href":"https:\/\/buchham.com\/bellaindia\/index.php?rest_route=\/wp\/v2\/pages"}],"about":[{"href":"https:\/\/buchham.com\/bellaindia\/index.php?rest_route=\/wp\/v2\/types\/page"}],"author":[{"embeddable":true,"href":"https:\/\/buchham.com\/bellaindia\/index.php?rest_route=\/wp\/v2\/users\/1"}],"replies":[{"embeddable":true,"href":"https:\/\/buchham.com\/bellaindia\/index.php?rest_route=%2Fwp%2Fv2%2Fcomments&post=16"}],"version-history":[{"count":6,"href":"https:\/\/buchham.com\/bellaindia\/index.php?rest_route=\/wp\/v2\/pages\/16\/revisions"}],"predecessor-version":[{"id":138,"href":"https:\/\/buchham.com\/bellaindia\/index.php?rest_route=\/wp\/v2\/pages\/16\/revisions\/138"}],"wp:attachment":[{"href":"https:\/\/buchham.com\/bellaindia\/index.php?rest_route=%2Fwp%2Fv2%2Fmedia&parent=16"}],"curies":[{"name":"wp","href":"https:\/\/api.w.org\/{rel}","templated":true}]}}