{"id":12,"date":"2014-08-26T22:49:13","date_gmt":"2014-08-26T20:49:13","guid":{"rendered":"http:\/\/buchham.com\/bellaindia\/?page_id=12"},"modified":"2014-08-29T15:23:21","modified_gmt":"2014-08-29T13:23:21","slug":"impressum","status":"publish","type":"page","link":"https:\/\/buchham.com\/bellaindia\/?page_id=12","title":{"rendered":"Impressum"},"content":{"rendered":"<p>Dies ist der deutschsprachige Webauftritt des Restaurants Bella India.<br \/>\nVerantwortlich f\u00fcr den Inhalt: Rashpal Singh<br \/>\nHosting und Gestaltung: Dr. J\u00fcrgen Buchham\/HOTLINE Computer GmbH Nordhausen.<\/p>\n<p>Alle Seiten unterliegen dem Urheberschutz und d\u00fcrfen nur mit schriftlicher Genehmigung des Urhebers kopiert oder in eigene Angebote integriert werden. Alle Rechte vorbehalten. Irrt\u00fcmer und \u00c4nderungen vorbehalten!<\/p>\n<p>Disclaimer\/Haftungsausschluss:<br \/>\nMit Urteil vom 12.Mai 1998 hat das Landgericht Hamburg (312 O 85\/98 &#8211; &#8222;Haftung fuer Links&#8220;) entschieden, dass man durch die Anbringung eines Links die Inhalte der gelinkten Seite ggf. mit zu verantworten hat. Dies kann &#8211; so das LG &#8211; nur dadurch verhindert werden, dass man sich ausdr\u00fccklich von diesen Inhalten distanziert. Wir haben auf dieser Seite unserer Homepage Links zu anderen Seiten im Internet gelegt. F\u00fcr alle diese Links gilt: Wir m\u00f6chten ausdr\u00fccklich betonen, dass wir keinerlei Einfluss auf die Gestaltung und die Inhalte der gelinkten Seiten habe. Deshalb distanzieren wir uns hiermit ausdr\u00fccklich von allen Inhalten aller gelinkten Seiten auf dieser Homepage. Wir machen uns die Inhalte der Linkseiten keinesfalls zu eigen. Diese Erkl\u00e4rung gilt f\u00fcr alle auf unserer Homepage angebrachten Links.<\/p>\n","protected":false},"excerpt":{"rendered":"<p>Dies ist der deutschsprachige Webauftritt des Restaurants Bella India. Verantwortlich f\u00fcr den Inhalt: Rashpal Singh Hosting und Gestaltung: Dr. J\u00fcrgen Buchham\/HOTLINE Computer GmbH Nordhausen. Alle Seiten unterliegen dem Urheberschutz und d\u00fcrfen nur mit schriftlicher Genehmigung des Urhebers kopiert oder in &hellip; <a href=\"https:\/\/buchham.com\/bellaindia\/?page_id=12\">Weiterlesen <span class=\"meta-nav\">&rarr;<\/span><\/a><\/p>\n","protected":false},"author":1,"featured_media":0,"parent":0,"menu_order":7,"comment_status":"closed","ping_status":"closed","template":"sidebar-page.php","meta":{"footnotes":""},"_links":{"self":[{"href":"https:\/\/buchham.com\/bellaindia\/index.php?rest_route=\/wp\/v2\/pages\/12"}],"collection":[{"href":"https:\/\/buchham.com\/bellaindia\/index.php?rest_route=\/wp\/v2\/pages"}],"about":[{"href":"https:\/\/buchham.com\/bellaindia\/index.php?rest_route=\/wp\/v2\/types\/page"}],"author":[{"embeddable":true,"href":"https:\/\/buchham.com\/bellaindia\/index.php?rest_route=\/wp\/v2\/users\/1"}],"replies":[{"embeddable":true,"href":"https:\/\/buchham.com\/bellaindia\/index.php?rest_route=%2Fwp%2Fv2%2Fcomments&post=12"}],"version-history":[{"count":3,"href":"https:\/\/buchham.com\/bellaindia\/index.php?rest_route=\/wp\/v2\/pages\/12\/revisions"}],"predecessor-version":[{"id":100,"href":"https:\/\/buchham.com\/bellaindia\/index.php?rest_route=\/wp\/v2\/pages\/12\/revisions\/100"}],"wp:attachment":[{"href":"https:\/\/buchham.com\/bellaindia\/index.php?rest_route=%2Fwp%2Fv2%2Fmedia&parent=12"}],"curies":[{"name":"wp","href":"https:\/\/api.w.org\/{rel}","templated":true}]}}